{"id":5434,"date":"2024-07-20T22:22:29","date_gmt":"2024-07-21T01:22:29","guid":{"rendered":"https:\/\/assembleiadedeusonline.com.br\/?page_id=5434"},"modified":"2024-08-14T20:34:35","modified_gmt":"2024-08-14T23:34:35","slug":"nossas-igrejas","status":"publish","type":"page","link":"https:\/\/igrejaassembleiajerusalem.com.br\/?page_id=5434","title":{"rendered":"Nossas Igrejas"},"content":{"rendered":"\t\t<div data-elementor-type=\"wp-page\" data-elementor-id=\"5434\" class=\"elementor elementor-5434\" data-elementor-settings=\"{&quot;ha_cmc_init_switcher&quot;:&quot;no&quot;,&quot;element_pack_global_tooltip_width&quot;:{&quot;unit&quot;:&quot;px&quot;,&quot;size&quot;:&quot;&quot;,&quot;sizes&quot;:[]},&quot;element_pack_global_tooltip_width_tablet&quot;:{&quot;unit&quot;:&quot;px&quot;,&quot;size&quot;:&quot;&quot;,&quot;sizes&quot;:[]},&quot;element_pack_global_tooltip_width_mobile&quot;:{&quot;unit&quot;:&quot;px&quot;,&quot;size&quot;:&quot;&quot;,&quot;sizes&quot;:[]},&quot;element_pack_global_tooltip_padding&quot;:{&quot;unit&quot;:&quot;px&quot;,&quot;top&quot;:&quot;&quot;,&quot;right&quot;:&quot;&quot;,&quot;bottom&quot;:&quot;&quot;,&quot;left&quot;:&quot;&quot;,&quot;isLinked&quot;:true},&quot;element_pack_global_tooltip_padding_tablet&quot;:{&quot;unit&quot;:&quot;px&quot;,&quot;top&quot;:&quot;&quot;,&quot;right&quot;:&quot;&quot;,&quot;bottom&quot;:&quot;&quot;,&quot;left&quot;:&quot;&quot;,&quot;isLinked&quot;:true},&quot;element_pack_global_tooltip_padding_mobile&quot;:{&quot;unit&quot;:&quot;px&quot;,&quot;top&quot;:&quot;&quot;,&quot;right&quot;:&quot;&quot;,&quot;bottom&quot;:&quot;&quot;,&quot;left&quot;:&quot;&quot;,&quot;isLinked&quot;:true},&quot;element_pack_global_tooltip_border_radius&quot;:{&quot;unit&quot;:&quot;px&quot;,&quot;top&quot;:&quot;&quot;,&quot;right&quot;:&quot;&quot;,&quot;bottom&quot;:&quot;&quot;,&quot;left&quot;:&quot;&quot;,&quot;isLinked&quot;:true},&quot;element_pack_global_tooltip_border_radius_tablet&quot;:{&quot;unit&quot;:&quot;px&quot;,&quot;top&quot;:&quot;&quot;,&quot;right&quot;:&quot;&quot;,&quot;bottom&quot;:&quot;&quot;,&quot;left&quot;:&quot;&quot;,&quot;isLinked&quot;:true},&quot;element_pack_global_tooltip_border_radius_mobile&quot;:{&quot;unit&quot;:&quot;px&quot;,&quot;top&quot;:&quot;&quot;,&quot;right&quot;:&quot;&quot;,&quot;bottom&quot;:&quot;&quot;,&quot;left&quot;:&quot;&quot;,&quot;isLinked&quot;:true}}\" data-elementor-post-type=\"page\">\n\t\t\t\t<div class=\"elementor-element elementor-element-0e2ccd9 e-flex e-con-boxed e-con e-parent\" data-id=\"0e2ccd9\" data-element_type=\"container\" data-settings=\"{&quot;_ha_eqh_enable&quot;:false}\">\n\t\t\t\t\t<div class=\"e-con-inner\">\n\t\t\r\n\t\t<div class=\"elementor-element elementor-element-fbe7f40 elementor-widget elementor-widget-edurasectiontitle\" data-id=\"fbe7f40\" data-element_type=\"widget\" data-widget_type=\"edurasectiontitle.default\">\n\t\t\t\t<div class=\"elementor-widget-container\">\n\t\t\t\t\t<div class=\"title-area mb-25\" ><span class=\"sub-title subtitle-selector\">TEMPLOS <\/span><h2 class=\"sec-title title-selector\">NOSSAS IGREJAS<\/h2><p class=\"desc-selector\">Conhe\u00e7a aqui nossa igrejas e como chegar em  uma delas mais pr\u00f3xima do seu endere\u00e7o.<\/p><\/div>\t\t\t\t<\/div>\n\t\t\t\t<\/div>\n\t\t\t\t<div class=\"elementor-element elementor-element-b085707 bdt-navigation-type-arrows bdt-carousel-style-carousel elementor-widget elementor-widget-bdt-carousel\" data-id=\"b085707\" data-element_type=\"widget\" data-widget_type=\"bdt-carousel.default\">\n\t\t\t\t<div class=\"elementor-widget-container\">\n\t\t\t\t\t        <div id=\"bdt-carousel-b085707\" class=\"bdt-arrows-align-center bdt-ep-carousel bdt-ep-carousel-skin-default\" data-settings=\"{&quot;autoplay&quot;:{&quot;delay&quot;:5000,&quot;disableOnInteraction&quot;:false},&quot;loop&quot;:true,&quot;speed&quot;:500,&quot;slidesPerView&quot;:1,&quot;slidesPerGroup&quot;:1,&quot;spaceBetween&quot;:30,&quot;effect&quot;:&quot;carousel&quot;,&quot;breakpoints&quot;:{&quot;767&quot;:{&quot;slidesPerView&quot;:2,&quot;spaceBetween&quot;:30,&quot;slidesPerGroup&quot;:1},&quot;1023&quot;:{&quot;slidesPerView&quot;:2,&quot;spaceBetween&quot;:30,&quot;slidesPerGroup&quot;:1}},&quot;navigation&quot;:{&quot;nextEl&quot;:&quot;#bdt-carousel-b085707 .bdt-navigation-next&quot;,&quot;prevEl&quot;:&quot;#bdt-carousel-b085707 .bdt-navigation-prev&quot;},&quot;pagination&quot;:{&quot;el&quot;:&quot;#bdt-carousel-b085707 .swiper-pagination&quot;,&quot;type&quot;:&quot;&quot;,&quot;clickable&quot;:&quot;true&quot;,&quot;dynamicBullets&quot;:false},&quot;scrollbar&quot;:{&quot;el&quot;:&quot;#bdt-carousel-b085707 .swiper-scrollbar&quot;,&quot;hide&quot;:&quot;true&quot;},&quot;coverflowEffect&quot;:{&quot;rotate&quot;:50,&quot;stretch&quot;:0,&quot;depth&quot;:100,&quot;modifier&quot;:1,&quot;slideShadows&quot;:true}}\" bdt-height-match=\"target: &gt; div &gt; div &gt; .bdt-ep-carousel-item\">\n            <div class=\"swiper-carousel swiper\" role=\"region\" aria-roledescription=\"carousel\" aria-label=\"Carousel\" dir=\"ltr\">\n                <div class=\"swiper-wrapper\">\n                    <div class=\"bdt-ep-carousel-item swiper-slide  post-5763 post type-post status-publish format-standard has-post-thumbnail hentry category-nossa-igrejas th-blog blog-single\">\n                <div class=\"bdt-ep-carousel-thumbnail\">\n\n                            <a href=\"https:\/\/igrejaassembleiajerusalem.com.br\/?p=5763\" \n                title=\"Assembleia de Deus Alto Tarum\u00e3\">\n                \n                <img fetchpriority=\"high\" decoding=\"async\" width=\"644\" height=\"451\" src=\"https:\/\/igrejaassembleiajerusalem.com.br\/wp-content\/uploads\/2024\/07\/ADC4.jpg\" class=\"attachment-full size-full wp-image-5764\" alt=\"\" srcset=\"https:\/\/igrejaassembleiajerusalem.com.br\/wp-content\/uploads\/2024\/07\/ADC4.jpg 644w, https:\/\/igrejaassembleiajerusalem.com.br\/wp-content\/uploads\/2024\/07\/ADC4-300x210.jpg 300w\" sizes=\"(max-width: 644px) 100vw, 644px\" \/>\n                                <\/a>\n            \n        <\/div>\n            <div class=\"bdt-ep-carousel-desc bdt-margin-top\">\n        \n        <h4 class=\"bdt-ep-carousel-title bdt-margin-small-bottom bdt-margin-remove-top\">\n            <a href=\"https:\/\/igrejaassembleiajerusalem.com.br\/?p=5763\">\n                Assembleia de Deus Alto Tarum\u00e3            <\/a>\n        <\/h4>\n            <div class=\"bdt-ep-carousel-excerpt\">\n            <p>Rua Epaminondas Santos, 2877 - Curitiba - PR Fones: (41) 3357-5014<\/p>\n        <\/div>\n            <a class=\"bdt-ep-carousel-button elementor-button elementor-size-sm\" href=\"https:\/\/igrejaassembleiajerusalem.com.br\/?p=5763\">\n            <span >\n                Ver +\n                            <\/span>\n\n        <\/a>\n            <\/div>\n            <\/div>\n            <div class=\"bdt-ep-carousel-item swiper-slide  post-5432 post type-post status-publish format-standard has-post-thumbnail hentry category-nossa-igrejas th-blog blog-single\">\n                <div class=\"bdt-ep-carousel-thumbnail\">\n\n                            <a href=\"https:\/\/igrejaassembleiajerusalem.com.br\/?p=5432\" \n                title=\"Igreja Sede Curitiba\">\n                \n                <img decoding=\"async\" width=\"644\" height=\"484\" src=\"https:\/\/igrejaassembleiajerusalem.com.br\/wp-content\/uploads\/2024\/07\/AD3.jpg\" class=\"attachment-full size-full wp-image-5750\" alt=\"\" srcset=\"https:\/\/igrejaassembleiajerusalem.com.br\/wp-content\/uploads\/2024\/07\/AD3.jpg 644w, https:\/\/igrejaassembleiajerusalem.com.br\/wp-content\/uploads\/2024\/07\/AD3-300x225.jpg 300w\" sizes=\"(max-width: 644px) 100vw, 644px\" \/>\n                                <\/a>\n            \n        <\/div>\n            <div class=\"bdt-ep-carousel-desc bdt-margin-top\">\n        \n        <h4 class=\"bdt-ep-carousel-title bdt-margin-small-bottom bdt-margin-remove-top\">\n            <a href=\"https:\/\/igrejaassembleiajerusalem.com.br\/?p=5432\">\n                Igreja Sede Curitiba            <\/a>\n        <\/h4>\n            <div class=\"bdt-ep-carousel-excerpt\">\n            <p>Venha visitar nossa igreja: C\u00e2ndido de Abreu, 367 - Curitiba - PR Fone: (41) 3259-4300<\/p>\n        <\/div>\n            <a class=\"bdt-ep-carousel-button elementor-button elementor-size-sm\" href=\"https:\/\/igrejaassembleiajerusalem.com.br\/?p=5432\">\n            <span >\n                Ver +\n                            <\/span>\n\n        <\/a>\n            <\/div>\n            <\/div>\n            <div class=\"bdt-ep-carousel-item swiper-slide  post-5430 post type-post status-publish format-standard has-post-thumbnail hentry category-nossa-igrejas th-blog blog-single\">\n                <div class=\"bdt-ep-carousel-thumbnail\">\n\n                            <a href=\"https:\/\/igrejaassembleiajerusalem.com.br\/?p=5430\" \n                title=\"Assembleia de Deus em Vila Guilhermina\">\n                \n                <img decoding=\"async\" width=\"654\" height=\"461\" src=\"https:\/\/igrejaassembleiajerusalem.com.br\/wp-content\/uploads\/2024\/07\/ADC1.jpg\" class=\"attachment-full size-full wp-image-5753\" alt=\"\" srcset=\"https:\/\/igrejaassembleiajerusalem.com.br\/wp-content\/uploads\/2024\/07\/ADC1.jpg 654w, https:\/\/igrejaassembleiajerusalem.com.br\/wp-content\/uploads\/2024\/07\/ADC1-300x211.jpg 300w\" sizes=\"(max-width: 654px) 100vw, 654px\" \/>\n                                <\/a>\n            \n        <\/div>\n            <div class=\"bdt-ep-carousel-desc bdt-margin-top\">\n        \n        <h4 class=\"bdt-ep-carousel-title bdt-margin-small-bottom bdt-margin-remove-top\">\n            <a href=\"https:\/\/igrejaassembleiajerusalem.com.br\/?p=5430\">\n                Assembleia de Deus em Vila Guilhermina            <\/a>\n        <\/h4>\n            <div class=\"bdt-ep-carousel-excerpt\">\n            <p>Venha visitar nossa igreja Rua Capit\u00e3o Jos\u00e9 Maria Sobrinho, 1585 - Curitiba - PR\u00a0Fones: (41)<\/p>\n        <\/div>\n            <a class=\"bdt-ep-carousel-button elementor-button elementor-size-sm\" href=\"https:\/\/igrejaassembleiajerusalem.com.br\/?p=5430\">\n            <span >\n                Ver +\n                            <\/span>\n\n        <\/a>\n            <\/div>\n            <\/div>\n            <div class=\"bdt-ep-carousel-item swiper-slide  post-5428 post type-post status-publish format-standard has-post-thumbnail hentry category-nossa-igrejas th-blog blog-single\">\n                <div class=\"bdt-ep-carousel-thumbnail\">\n\n                            <a href=\"https:\/\/igrejaassembleiajerusalem.com.br\/?p=5428\" \n                title=\"Assembleia de Deus no Bairro Xaxim\">\n                \n                <img loading=\"lazy\" decoding=\"async\" width=\"648\" height=\"463\" src=\"https:\/\/igrejaassembleiajerusalem.com.br\/wp-content\/uploads\/2024\/07\/ADC2.jpg\" class=\"attachment-full size-full wp-image-5757\" alt=\"\" srcset=\"https:\/\/igrejaassembleiajerusalem.com.br\/wp-content\/uploads\/2024\/07\/ADC2.jpg 648w, https:\/\/igrejaassembleiajerusalem.com.br\/wp-content\/uploads\/2024\/07\/ADC2-300x214.jpg 300w\" sizes=\"(max-width: 648px) 100vw, 648px\" \/>\n                                <\/a>\n            \n        <\/div>\n            <div class=\"bdt-ep-carousel-desc bdt-margin-top\">\n        \n        <h4 class=\"bdt-ep-carousel-title bdt-margin-small-bottom bdt-margin-remove-top\">\n            <a href=\"https:\/\/igrejaassembleiajerusalem.com.br\/?p=5428\">\n                Assembleia de Deus no Bairro Xaxim            <\/a>\n        <\/h4>\n            <div class=\"bdt-ep-carousel-excerpt\">\n            <p>Venha visitar nossa igreja Assembleia de Deu no Xaxim, (CGADB) Curitiba Site: http:\/\/www.assembleiadedeus.org.br\/<\/p>\n        <\/div>\n            <a class=\"bdt-ep-carousel-button elementor-button elementor-size-sm\" href=\"https:\/\/igrejaassembleiajerusalem.com.br\/?p=5428\">\n            <span >\n                Ver +\n                            <\/span>\n\n        <\/a>\n            <\/div>\n            <\/div>\n            <div class=\"bdt-ep-carousel-item swiper-slide  post-5421 post type-post status-publish format-standard has-post-thumbnail hentry category-nossa-igrejas th-blog blog-single\">\n                <div class=\"bdt-ep-carousel-thumbnail\">\n\n                            <a href=\"https:\/\/igrejaassembleiajerusalem.com.br\/?p=5421\" \n                title=\"Assembleia de Deus de Jardim Curitiba\">\n                \n                <img loading=\"lazy\" decoding=\"async\" width=\"500\" height=\"375\" src=\"https:\/\/igrejaassembleiajerusalem.com.br\/wp-content\/uploads\/2024\/07\/Assembleia.png\" class=\"attachment-full size-full wp-image-5761\" alt=\"\" srcset=\"https:\/\/igrejaassembleiajerusalem.com.br\/wp-content\/uploads\/2024\/07\/Assembleia.png 500w, https:\/\/igrejaassembleiajerusalem.com.br\/wp-content\/uploads\/2024\/07\/Assembleia-300x225.png 300w\" sizes=\"(max-width: 500px) 100vw, 500px\" \/>\n                                <\/a>\n            \n        <\/div>\n            <div class=\"bdt-ep-carousel-desc bdt-margin-top\">\n        \n        <h4 class=\"bdt-ep-carousel-title bdt-margin-small-bottom bdt-margin-remove-top\">\n            <a href=\"https:\/\/igrejaassembleiajerusalem.com.br\/?p=5421\">\n                Assembleia de Deus de Jardim Curitiba            <\/a>\n        <\/h4>\n            <div class=\"bdt-ep-carousel-excerpt\">\n            <p>Venha visitar nossa igreja Endere\u00e7o: Rua Gon\u00e7alves Dias, 248 - Jd. Curitiba Contatos: email: adcuritiba@gmail.com<\/p>\n        <\/div>\n            <a class=\"bdt-ep-carousel-button elementor-button elementor-size-sm\" href=\"https:\/\/igrejaassembleiajerusalem.com.br\/?p=5421\">\n            <span >\n                Ver +\n                            <\/span>\n\n        <\/a>\n            <\/div>\n            <\/div>\n    \t\t<\/div>\n\t\t\t\t<\/div>\n\n\t\t\t\t\t\t\t\t\t\t\t<div class=\"bdt-position-z-index bdt-position-center bdt-visible@m\">\n\t\t\t\t<div class=\"bdt-arrows-container bdt-slidenav-container\">\n\t\t\t\t\t<div class=\"bdt-navigation-prev bdt-slidenav-previous bdt-icon bdt-slidenav\">\n\t\t\t\t\t\t<i class=\"ep-icon-arrow-left-0\" aria-hidden=\"true\"><\/i>\n\t\t\t\t\t<\/div>\n\t\t\t\t\t<div class=\"bdt-navigation-next bdt-slidenav-next bdt-icon bdt-slidenav\">\n\t\t\t\t\t\t<i class=\"ep-icon-arrow-right-0\" aria-hidden=\"true\"><\/i>\n\t\t\t\t\t<\/div>\n\t\t\t\t<\/div>\n\t\t\t<\/div>\n\t\t\t\t\n\t\t<\/div>\n\n\t\t\t\t<\/div>\n\t\t\t\t<\/div>\n\t\t\t\t\t<\/div>\n\t\t\t\t<\/div>\n\t\t\t\t<\/div>\n\t\t","protected":false},"excerpt":{"rendered":"<p>TEMPLOS NOSSAS IGREJAS Conhe\u00e7a aqui nossa igrejas e como chegar em uma delas mais pr\u00f3xima do seu endere\u00e7o. Assembleia de Deus Alto Tarum\u00e3 Rua Epaminondas Santos, 2877 &#8211; Curitiba &#8211; PR Fones: (41) 3357-5014 Ver + Igreja Sede Curitiba Venha visitar nossa igreja: C\u00e2ndido de Abreu, 367 &#8211; Curitiba &#8211; PR Fone: (41) 3259-4300 Ver&#8230;<\/p>\n","protected":false},"author":1,"featured_media":0,"parent":0,"menu_order":0,"comment_status":"closed","ping_status":"closed","template":"","meta":{"footnotes":""},"class_list":["post-5434","page","type-page","status-publish","hentry","th-blog blog-single"],"_links":{"self":[{"href":"https:\/\/igrejaassembleiajerusalem.com.br\/index.php?rest_route=\/wp\/v2\/pages\/5434","targetHints":{"allow":["GET"]}}],"collection":[{"href":"https:\/\/igrejaassembleiajerusalem.com.br\/index.php?rest_route=\/wp\/v2\/pages"}],"about":[{"href":"https:\/\/igrejaassembleiajerusalem.com.br\/index.php?rest_route=\/wp\/v2\/types\/page"}],"author":[{"embeddable":true,"href":"https:\/\/igrejaassembleiajerusalem.com.br\/index.php?rest_route=\/wp\/v2\/users\/1"}],"replies":[{"embeddable":true,"href":"https:\/\/igrejaassembleiajerusalem.com.br\/index.php?rest_route=%2Fwp%2Fv2%2Fcomments&post=5434"}],"version-history":[{"count":0,"href":"https:\/\/igrejaassembleiajerusalem.com.br\/index.php?rest_route=\/wp\/v2\/pages\/5434\/revisions"}],"wp:attachment":[{"href":"https:\/\/igrejaassembleiajerusalem.com.br\/index.php?rest_route=%2Fwp%2Fv2%2Fmedia&parent=5434"}],"curies":[{"name":"wp","href":"https:\/\/api.w.org\/{rel}","templated":true}]}}